{"id":239,"date":"2013-02-07T01:32:58","date_gmt":"2013-02-07T01:32:58","guid":{"rendered":"http:\/\/www.condominiomundonovo.com.br\/?page_id=239"},"modified":"2026-01-16T16:57:23","modified_gmt":"2026-01-16T16:57:23","slug":"calendario-de-eventos","status":"publish","type":"page","link":"https:\/\/www.condominiomundonovo.com.br\/?page_id=239","title":{"rendered":"Calend\u00e1rio de eventos"},"content":{"rendered":"\n<p>28\/03 P\u00c1SCOA das 14h \u00e0s 18h<br>07 ou 09\/05 HOMENAGEM \u00c0S M\u00c3ES NOTURNA das 19h30 \u00e0s 22h<br>09\/05 HOMENAGEM \u00c0S M\u00c3ES das 9h \u00e0s 12h<br>08\/08 HOMENAGEM AOS PAIS das 9h \u00e0s 12h<br>03\/10 FESTA DAS CRIAN\u00c7AS das 14h \u00e0s 18h<br>12\/12 FESTA DE NATAL das 14h \u00e0s 18h<\/p>\n","protected":false},"excerpt":{"rendered":"<p>28\/03 P\u00c1SCOA das 14h \u00e0s 18h07 ou 09\/05 HOMENAGEM \u00c0S M\u00c3ES NOTURNA das 19h30 \u00e0s 22h09\/05 HOMENAGEM \u00c0S M\u00c3ES das 9h \u00e0s 12h08\/08 HOMENAGEM AOS PAIS das 9h \u00e0s 12h03\/10 FESTA DAS CRIAN\u00c7AS das 14h \u00e0s 18h12\/12 FESTA DE NATAL &hellip; <a href=\"https:\/\/www.condominiomundonovo.com.br\/?page_id=239\">Continue lendo <span class=\"meta-nav\">&rarr;<\/span><\/a><\/p>\n","protected":false},"author":1,"featured_media":0,"parent":0,"menu_order":0,"comment_status":"open","ping_status":"open","template":"","meta":{"footnotes":""},"class_list":["post-239","page","type-page","status-publish","hentry"],"_links":{"self":[{"href":"https:\/\/www.condominiomundonovo.com.br\/index.php?rest_route=\/wp\/v2\/pages\/239"}],"collection":[{"href":"https:\/\/www.condominiomundonovo.com.br\/index.php?rest_route=\/wp\/v2\/pages"}],"about":[{"href":"https:\/\/www.condominiomundonovo.com.br\/index.php?rest_route=\/wp\/v2\/types\/page"}],"author":[{"embeddable":true,"href":"https:\/\/www.condominiomundonovo.com.br\/index.php?rest_route=\/wp\/v2\/users\/1"}],"replies":[{"embeddable":true,"href":"https:\/\/www.condominiomundonovo.com.br\/index.php?rest_route=%2Fwp%2Fv2%2Fcomments&post=239"}],"version-history":[{"count":63,"href":"https:\/\/www.condominiomundonovo.com.br\/index.php?rest_route=\/wp\/v2\/pages\/239\/revisions"}],"predecessor-version":[{"id":2196,"href":"https:\/\/www.condominiomundonovo.com.br\/index.php?rest_route=\/wp\/v2\/pages\/239\/revisions\/2196"}],"wp:attachment":[{"href":"https:\/\/www.condominiomundonovo.com.br\/index.php?rest_route=%2Fwp%2Fv2%2Fmedia&parent=239"}],"curies":[{"name":"wp","href":"https:\/\/api.w.org\/{rel}","templated":true}]}}