{"id":62,"date":"2012-12-16T20:15:07","date_gmt":"2012-12-16T20:15:07","guid":{"rendered":"http:\/\/www.condominiomundonovo.com.br\/?page_id=62"},"modified":"2023-09-27T19:41:58","modified_gmt":"2023-09-27T19:41:58","slug":"contato","status":"publish","type":"page","link":"https:\/\/www.condominiomundonovo.com.br\/?page_id=62","title":{"rendered":"Contato"},"content":{"rendered":"<p><script type=\"text\/javascript\" src=\"http:\/\/ammanteq.com.br\/wp-content\/themes\/twentyeleven\/validacao-form.js\"><\/script>Este \u00e9 o canal de comunica\u00e7\u00e3o entre voc\u00ea e a Associa\u00e7\u00e3o Mundo Novo:<\/p>\n<form action=\"http:\/\/www.atitudecognitiva.com.br\/mundonovo\/contato.php\" method=\"post\" name=\"formulario2\">Nome: <span style=\"margin-left: 39px;\"><input id=\"nome\" name=\"nome\" size=\"58\" type=\"text\" \/><\/span><br \/>\nEmail: <span style=\"margin-left: 41px;\"><input id=\"email\" name=\"email\" size=\"58\" type=\"text\" \/><\/span><br \/>\nTelefone: <span style=\"margin-left: 22px;\"><input id=\"telefone\" name=\"telefone\" size=\"58\" type=\"text\" \/><\/span><br \/>\nCidade: <span style=\"margin-left: 32px;\"><input id=\"cidade\" name=\"cidade\" size=\"58\" type=\"text\" \/><\/span><br \/>\nMensagem: <span style=\"margin-left: 8px;\"><textarea id=\"mensagem\" style=\"width: 442px;\" cols=\"40\" name=\"mensagem\" rows=\"5\"><\/textarea><\/span><br \/>\n<input id=\"button\" name=\"button\" type=\"submit\" value=\"Enviar\" \/><\/form>\n<form action=\"http:\/\/www.condominiomundonovo.com.br.br\/wp-content\/themes\/twentyeleven\/contato.php\" method=\"post\" name=\"formulario2\"><\/form>\n<form action=\"http:\/\/www.condominiomundonovo.com.br.br\/wp-content\/themes\/twentyeleven\/contato.php\" method=\"post\" name=\"formulario2\"><\/form>\n<form action=\"http:\/\/www.condominiomundonovo.com.br.br\/wp-content\/themes\/twentyeleven\/contato.php\" method=\"post\" name=\"formulario2\"><strong><br \/>\nAssocia\u00e7\u00e3o:<\/strong> (21) 2431-7439<br \/>\n<strong>E-mails:<\/strong> amn@condominiomundonovo.com.br<br \/>\n<strong>Bella &amp; Stella-Vita:<\/strong> (21) 3325-1086<br \/>\n<strong>Cielo Vita:<\/strong> (21) 2487-6133<br \/>\n<strong>Dolce Vita<\/strong>: (21) 3410-5898<br \/>\n<strong>Mare Vita:<\/strong> (21) 3420-0960<br \/>\n<strong>Terra Vita:<\/strong> (21) 2429-5321<br \/>\n<strong>Barra First Class:<\/strong> (21) 2169-1500<br \/>\n<strong>Barra Premium:<\/strong> (21) 3622- 4600<\/p>\n<\/form>\n<p>&nbsp;<\/p>\n","protected":false},"excerpt":{"rendered":"<p>Este \u00e9 o canal de comunica\u00e7\u00e3o entre voc\u00ea e a Associa\u00e7\u00e3o Mundo Novo: Nome: Email: Telefone: Cidade: Mensagem: Associa\u00e7\u00e3o: (21) 2431-7439 E-mails: amn@condominiomundonovo.com.br Bella &amp; Stella-Vita: (21) 3325-1086 Cielo Vita: (21) 2487-6133 Dolce Vita: (21) 3410-5898 Mare Vita: (21) 3420-0960 &hellip; <a href=\"https:\/\/www.condominiomundonovo.com.br\/?page_id=62\">Continue lendo <span class=\"meta-nav\">&rarr;<\/span><\/a><\/p>\n","protected":false},"author":1,"featured_media":0,"parent":0,"menu_order":0,"comment_status":"open","ping_status":"open","template":"","meta":{"footnotes":""},"class_list":["post-62","page","type-page","status-publish","hentry"],"_links":{"self":[{"href":"https:\/\/www.condominiomundonovo.com.br\/index.php?rest_route=\/wp\/v2\/pages\/62"}],"collection":[{"href":"https:\/\/www.condominiomundonovo.com.br\/index.php?rest_route=\/wp\/v2\/pages"}],"about":[{"href":"https:\/\/www.condominiomundonovo.com.br\/index.php?rest_route=\/wp\/v2\/types\/page"}],"author":[{"embeddable":true,"href":"https:\/\/www.condominiomundonovo.com.br\/index.php?rest_route=\/wp\/v2\/users\/1"}],"replies":[{"embeddable":true,"href":"https:\/\/www.condominiomundonovo.com.br\/index.php?rest_route=%2Fwp%2Fv2%2Fcomments&post=62"}],"version-history":[{"count":17,"href":"https:\/\/www.condominiomundonovo.com.br\/index.php?rest_route=\/wp\/v2\/pages\/62\/revisions"}],"predecessor-version":[{"id":2096,"href":"https:\/\/www.condominiomundonovo.com.br\/index.php?rest_route=\/wp\/v2\/pages\/62\/revisions\/2096"}],"wp:attachment":[{"href":"https:\/\/www.condominiomundonovo.com.br\/index.php?rest_route=%2Fwp%2Fv2%2Fmedia&parent=62"}],"curies":[{"name":"wp","href":"https:\/\/api.w.org\/{rel}","templated":true}]}}