{"id":75,"date":"2012-12-16T20:18:59","date_gmt":"2012-12-16T20:18:59","guid":{"rendered":"http:\/\/www.condominiomundonovo.com.br\/?page_id=75"},"modified":"2013-01-07T00:23:53","modified_gmt":"2013-01-07T00:23:53","slug":"estrutura","status":"publish","type":"page","link":"https:\/\/www.condominiomundonovo.com.br\/?page_id=75","title":{"rendered":"Estrutura"},"content":{"rendered":"<p><strong>Dos edif\u00edcios residenciais:<\/strong><br \/>\n&#8211; Terra Vita Residence Service &#8211; 1\u00ba a ser implantado em setembro de 2000, tem 252 unidades.<br \/>\n&#8211; Bella &amp; Stella Vita Residence Service &#8211; dois blocos com administra\u00e7\u00e3o \u00fanica, foram implantados juntos em maio de 2002 e cada bloco possui 168 unidades.<br \/>\n&#8211; Dolce Vita Residence Service &#8211; implantado em agosto de 2003 com 168 unidades.<br \/>\n&#8211; Mare Vita Residence Service &#8211; implantado em setembro de 2003 com 126 unidades.<br \/>\n&#8211; Cielo Vita Residence Service &#8211; implantado em junho de 2004 com 200 unidades.<br \/>\n<strong>Dos apart-hot\u00e9is:<\/strong><br \/>\n&#8211; Barra First Class &#8211; possui 112 unidades.<br \/>\n&#8211; Barra Premium &#8211; possui 104 unidades.<br \/>\n<strong>Do empreendimento Comercial:<\/strong><br \/>\n&#8211; Bloco 1 (Mundo Novo Club) &#8211; possui 5 salas e depend\u00eancias, onde funciona a administra\u00e7\u00e3o da Associa\u00e7\u00e3o Mundo Novo, a Academia (sala 201), a Gente Mi\u00fada \u2013 Escola Carolina Patr\u00edcio\u00a0(sala 103), a recep\u00e7\u00e3o e centro de conven\u00e7\u00f5es dos apart-hot\u00e9is (salas 102 e 104), e a sala 101 de propriedade particular.<br \/>\n&#8211; Bloco 2 (Platinum Advanced Offices) &#8211; possui 6 pavimentos com salas comerciais.<br \/>\nEste empreendimento \u00e9 administrado por um s\u00edndico geral e um subs\u00edndico para cada bloco. Possui \u00e1reas comuns aos dois blocos, incluindo uma garagem subterr\u00e2nea.<\/p>\n","protected":false},"excerpt":{"rendered":"<p>Dos edif\u00edcios residenciais: &#8211; Terra Vita Residence Service &#8211; 1\u00ba a ser implantado em setembro de 2000, tem 252 unidades. &#8211; Bella &amp; Stella Vita Residence Service &#8211; dois blocos com administra\u00e7\u00e3o \u00fanica, foram implantados juntos em maio de 2002 &hellip; <a href=\"https:\/\/www.condominiomundonovo.com.br\/?page_id=75\">Continue lendo <span class=\"meta-nav\">&rarr;<\/span><\/a><\/p>\n","protected":false},"author":1,"featured_media":0,"parent":0,"menu_order":0,"comment_status":"open","ping_status":"open","template":"","meta":{"footnotes":""},"class_list":["post-75","page","type-page","status-publish","hentry"],"_links":{"self":[{"href":"https:\/\/www.condominiomundonovo.com.br\/index.php?rest_route=\/wp\/v2\/pages\/75"}],"collection":[{"href":"https:\/\/www.condominiomundonovo.com.br\/index.php?rest_route=\/wp\/v2\/pages"}],"about":[{"href":"https:\/\/www.condominiomundonovo.com.br\/index.php?rest_route=\/wp\/v2\/types\/page"}],"author":[{"embeddable":true,"href":"https:\/\/www.condominiomundonovo.com.br\/index.php?rest_route=\/wp\/v2\/users\/1"}],"replies":[{"embeddable":true,"href":"https:\/\/www.condominiomundonovo.com.br\/index.php?rest_route=%2Fwp%2Fv2%2Fcomments&post=75"}],"version-history":[{"count":6,"href":"https:\/\/www.condominiomundonovo.com.br\/index.php?rest_route=\/wp\/v2\/pages\/75\/revisions"}],"predecessor-version":[{"id":230,"href":"https:\/\/www.condominiomundonovo.com.br\/index.php?rest_route=\/wp\/v2\/pages\/75\/revisions\/230"}],"wp:attachment":[{"href":"https:\/\/www.condominiomundonovo.com.br\/index.php?rest_route=%2Fwp%2Fv2%2Fmedia&parent=75"}],"curies":[{"name":"wp","href":"https:\/\/api.w.org\/{rel}","templated":true}]}}