{"id":79,"date":"2012-12-16T20:19:39","date_gmt":"2012-12-16T20:19:39","guid":{"rendered":"http:\/\/www.condominiomundonovo.com.br\/?page_id=79"},"modified":"2012-12-27T00:22:35","modified_gmt":"2012-12-27T00:22:35","slug":"associacao-de-moradores","status":"publish","type":"page","link":"https:\/\/www.condominiomundonovo.com.br\/?page_id=79","title":{"rendered":"Associa\u00e7\u00e3o de moradores"},"content":{"rendered":"<p><a href=\"http:\/\/www.condominiomundonovo.com.br\/?attachment_id=124\" rel=\"attachment wp-att-124\"><img loading=\"lazy\" decoding=\"async\" class=\"alignleft size-medium wp-image-124\" title=\"mundo-novo-jardim\" src=\"http:\/\/www.condominiomundonovo.com.br\/wp-content\/uploads\/2012\/12\/mundo-novo-jardim-300x267.jpg\" alt=\"\" width=\"300\" height=\"267\" srcset=\"https:\/\/www.condominiomundonovo.com.br\/wp-content\/uploads\/2012\/12\/mundo-novo-jardim-300x267.jpg 300w, https:\/\/www.condominiomundonovo.com.br\/wp-content\/uploads\/2012\/12\/mundo-novo-jardim.jpg 315w\" sizes=\"(max-width: 300px) 100vw, 300px\" \/><\/a>Em outubro de 1997 foi criado o Estatuto da Associa\u00e7\u00e3o dos Moradores do Mundo Novo, com a finalidade prec\u00edpua de manter e gerir o espa\u00e7o comum do condom\u00ednio, fortalecido pelo Regimento Interno criado em dezembro de 2005.<\/p>\n<p>As decis\u00f5es da Associa\u00e7\u00e3o Mundo Novo (AMN) s\u00e3o tomadas por 4 Diretores e Conselho Fiscal, este composto pelos s\u00edndicos e representantes dos pr\u00e9dios. A administra\u00e7\u00e3o \u00e9 composta pelo gerente, subgerente e mais 11 funcion\u00e1rios.<\/p>\n<p>A Associa\u00e7\u00e3o administra mais de 10 contratos, entre eles vigil\u00e2ncia e seguran\u00e7a, jardinagem, limpeza e conserva\u00e7\u00e3o, manuten\u00e7\u00e3o da \u00e1rea de prote\u00e7\u00e3o ambiental, instala\u00e7\u00f5es do complexo esportivo na ZCVS, travessia para a praia e academia do clube, essenciais para a qualidade de vida que se encontra no condom\u00ednio Mundo Novo. Al\u00e9m disso, visando o bem-estar social a AMN tamb\u00e9m promove a integra\u00e7\u00e3o entre os moradores atrav\u00e9s da realiza\u00e7\u00e3o de eventos sociais e esportivos, consolidando uma comunidade privilegiada.<\/p>\n","protected":false},"excerpt":{"rendered":"<p>Em outubro de 1997 foi criado o Estatuto da Associa\u00e7\u00e3o dos Moradores do Mundo Novo, com a finalidade prec\u00edpua de manter e gerir o espa\u00e7o comum do condom\u00ednio, fortalecido pelo Regimento Interno criado em dezembro de 2005. As decis\u00f5es da &hellip; <a href=\"https:\/\/www.condominiomundonovo.com.br\/?page_id=79\">Continue lendo <span class=\"meta-nav\">&rarr;<\/span><\/a><\/p>\n","protected":false},"author":1,"featured_media":0,"parent":0,"menu_order":0,"comment_status":"open","ping_status":"open","template":"","meta":{"footnotes":""},"class_list":["post-79","page","type-page","status-publish","hentry"],"_links":{"self":[{"href":"https:\/\/www.condominiomundonovo.com.br\/index.php?rest_route=\/wp\/v2\/pages\/79"}],"collection":[{"href":"https:\/\/www.condominiomundonovo.com.br\/index.php?rest_route=\/wp\/v2\/pages"}],"about":[{"href":"https:\/\/www.condominiomundonovo.com.br\/index.php?rest_route=\/wp\/v2\/types\/page"}],"author":[{"embeddable":true,"href":"https:\/\/www.condominiomundonovo.com.br\/index.php?rest_route=\/wp\/v2\/users\/1"}],"replies":[{"embeddable":true,"href":"https:\/\/www.condominiomundonovo.com.br\/index.php?rest_route=%2Fwp%2Fv2%2Fcomments&post=79"}],"version-history":[{"count":3,"href":"https:\/\/www.condominiomundonovo.com.br\/index.php?rest_route=\/wp\/v2\/pages\/79\/revisions"}],"predecessor-version":[{"id":206,"href":"https:\/\/www.condominiomundonovo.com.br\/index.php?rest_route=\/wp\/v2\/pages\/79\/revisions\/206"}],"wp:attachment":[{"href":"https:\/\/www.condominiomundonovo.com.br\/index.php?rest_route=%2Fwp%2Fv2%2Fmedia&parent=79"}],"curies":[{"name":"wp","href":"https:\/\/api.w.org\/{rel}","templated":true}]}}