{"id":90,"date":"2012-12-16T20:41:51","date_gmt":"2012-12-16T20:41:51","guid":{"rendered":"http:\/\/www.condominiomundonovo.com.br\/?page_id=90"},"modified":"2021-02-01T16:57:30","modified_gmt":"2021-02-01T16:57:30","slug":"infraestrutura","status":"publish","type":"page","link":"https:\/\/www.condominiomundonovo.com.br\/?page_id=90","title":{"rendered":"Infraestrutura"},"content":{"rendered":"<p><strong>O Clube \/ Academia<\/strong><br \/>\nOcupando uma area de aproximadamente 1800m2, o clube do Condominio oferece aos associados, piscina com cascata e correnteza, completa academia de ginastica e spa, composto por saunas seca e a vapor.<br \/>\n<!--<a href=\"http:\/\/www.condominiomundonovo.com.br\/\/wp-content\/pdf\/regulamento-saunas-hidromassagem.pdf\" target=\"_blank\">Ver regulamento<\/a>--><\/p>\n<p>Com excecao das segundas-feiras, a piscina externa, denominada Lazy River, funciona todos os dias das 8h as 19h, tendo o seu horario de funcionamento prolongado no verao.<\/p>\n<p>A academia, atualmente gerida pela Cia Athletica, possui um salao de musculacao de 300m2, sala de lutas, salas de ginastica, sala de dancas, sala de bike indoor e piscina para atividades aquaticas de aproximadamente 50m2.<\/p>\n<p><strong>Complexo Esportivo<\/strong><br \/>\nIntegrada a uma \u00e1rea de vegeta\u00e7\u00e3o nativa, a \u00e1rea de lazer do condom\u00ednio Mundo Novo \u00e9 formada por duas quadras de t\u00eanis, duas quadras de v\u00f4lei de areia, uma quadra poliesportiva e um campo de futebol.<\/p>\n<p><strong>Quadras de t\u00eanis<\/strong><br \/>\nCada unidade pode fazer at\u00e9 tr\u00eas reservas por semana em dias alternados, com at\u00e9 uma semana de anteced\u00eancia. As reservas podem ser feitas de segunda a sexta das 8h \u00e0s 18h e s\u00e1bado das 8h \u00e0s 12h na administra\u00e7\u00e3o da Associa\u00e7\u00e3o e diretamente nas quadras com o operador entre 12h e 18h de s\u00e1bado e das 7h \u00e0s 18h de domingo.<br \/>\n<a href=\"http:\/\/www.condominiomundonovo.com.br\/wp-content\/uploads\/2012\/12\/amn-regulamento-das-quadras-de-tenis-novembro-2017.pdf\" target=\"_blank\" rel=\"noopener\">Ver regulamento<\/a><\/p>\n<p><strong>Quadras de v\u00f4lei de praia<\/strong><br \/>\nEstas quadras est\u00e3o \u00e0 disposi\u00e7\u00e3o dos associados a qualquer momento. Os interessados devem dirigir-se ao local ou ligar para a administra\u00e7\u00e3o da Associa\u00e7\u00e3o e solicitar a libera\u00e7\u00e3o.<\/p>\n<p><strong>Quadra poliesportiva<\/strong><br \/>\nH\u00e1 hor\u00e1rios pr\u00e9-determinados para a realiza\u00e7\u00e3o das escolinhas de esportes coletivos, cujas inscri\u00e7\u00f5es podem ser feitas na recep\u00e7\u00e3o da Academia do Clube, e pr\u00e1tica livre de v\u00f4lei, futsal, basquete e t\u00eanis.<br \/>\n<a href=\"http:\/\/www.condominiomundonovo.com.br\/wp-content\/uploads\/2016\/07\/regulamento-quadra-poliesportiva-2016.pdf\" target=\"_blank\" rel=\"noopener\">Ver regulamento<\/a><\/p>\n<p><strong>Campo de futebol<\/strong><br \/>\nCom 882m\u00b2, o campo de futebol de grama natural promove a integra\u00e7\u00e3o dos moradores com os hor\u00e1rios reservados \u00e0s &#8220;peladas&#8221; livres.<br \/>\n<a href=\"http:\/\/www.condominiomundonovo.com.br\/wp-content\/uploads\/2012\/12\/regulamento-fut-novembro-2017.pdf\" target=\"_blank\" rel=\"noopener\">Ver regulamento<\/a><\/p>\n<p><strong>Bosque<\/strong><br \/>\nIncorporada a \u00c1rea de Prote\u00e7\u00e3o Ambiental (APA) existe uma demarca\u00e7\u00e3o denominada ZCVS (Zona de Conserva\u00e7\u00e3o da Vida Silvestre), onde os incorporadores projetaram uma extensa \u00e1rea de lazer. Esta \u00e1rea de ZCVS, tamb\u00e9m conhecida como bosque, \u00e9 uma servid\u00e3o permanente onde todas as edifica\u00e7\u00f5es residenciais t\u00eam direito \u00e0 utiliza\u00e7\u00e3o e recentemente passou por uma reforma, dando origem ao Complexo Esportivo. Praticar esportes, apreciar a paisagem exuberante e levar as crian\u00e7as para brincar em total harmonia com a natureza causam sensa\u00e7\u00e3o muito agrad\u00e1vel a quem freq\u00fcenta o bosque e valor imensur\u00e1vel para quem vive no centro de uma metr\u00f3pole.<\/p>\n<p><strong>\u00c1rea de prote\u00e7\u00e3o Ambiental<\/strong><br \/>\nMedindo aproximadamente 143.000m\u00b2, a \u00c1rea de Prote\u00e7\u00e3o Ambiental do Condom\u00ednio Mundo Novo \u00e9 um de seus maiores orgulhos. Comprometida com a preserva\u00e7\u00e3o da fauna e flora nativas, a Associa\u00e7\u00e3o assumiu o compromisso de preservar a \u00e1rea doada pelo Munic\u00edpio desde 2005 e atualmente \u00e9 considerada uma das mais bem cuidadas da regi\u00e3o.<\/p>\n<p>Este compromisso envolve a contrata\u00e7\u00e3o de empresas de jardinagem especializadas e credenciadas na Funda\u00e7\u00e3o Parques e Jardins, restaurar e preservar a vegeta\u00e7\u00e3o nativa, permitindo resgatar a biodiversidade existente na restinga e coibir interfer\u00eancias que possam representar risco de devasta\u00e7\u00e3o. Esta \u00e1rea compreende o espa\u00e7o entre os Condom\u00ednios Novo Leblon e Malibu \u00e0s margens da Lagoa de Marapendi, Pra\u00e7a Ant\u00f4nio Callado, canteiro central de parte da Av. Malibu e canteiro central da Av. H\u00e9lio Pellegrino.<\/p>\n","protected":false},"excerpt":{"rendered":"<p>O Clube \/ Academia Ocupando uma area de aproximadamente 1800m2, o clube do Condominio oferece aos associados, piscina com cascata e correnteza, completa academia de ginastica e spa, composto por saunas seca e a vapor. Com excecao das segundas-feiras, a &hellip; <a href=\"https:\/\/www.condominiomundonovo.com.br\/?page_id=90\">Continue lendo <span class=\"meta-nav\">&rarr;<\/span><\/a><\/p>\n","protected":false},"author":1,"featured_media":0,"parent":0,"menu_order":0,"comment_status":"open","ping_status":"open","template":"","meta":{"footnotes":""},"class_list":["post-90","page","type-page","status-publish","hentry"],"_links":{"self":[{"href":"https:\/\/www.condominiomundonovo.com.br\/index.php?rest_route=\/wp\/v2\/pages\/90"}],"collection":[{"href":"https:\/\/www.condominiomundonovo.com.br\/index.php?rest_route=\/wp\/v2\/pages"}],"about":[{"href":"https:\/\/www.condominiomundonovo.com.br\/index.php?rest_route=\/wp\/v2\/types\/page"}],"author":[{"embeddable":true,"href":"https:\/\/www.condominiomundonovo.com.br\/index.php?rest_route=\/wp\/v2\/users\/1"}],"replies":[{"embeddable":true,"href":"https:\/\/www.condominiomundonovo.com.br\/index.php?rest_route=%2Fwp%2Fv2%2Fcomments&post=90"}],"version-history":[{"count":25,"href":"https:\/\/www.condominiomundonovo.com.br\/index.php?rest_route=\/wp\/v2\/pages\/90\/revisions"}],"predecessor-version":[{"id":1894,"href":"https:\/\/www.condominiomundonovo.com.br\/index.php?rest_route=\/wp\/v2\/pages\/90\/revisions\/1894"}],"wp:attachment":[{"href":"https:\/\/www.condominiomundonovo.com.br\/index.php?rest_route=%2Fwp%2Fv2%2Fmedia&parent=90"}],"curies":[{"name":"wp","href":"https:\/\/api.w.org\/{rel}","templated":true}]}}